{"id":34,"date":"2018-07-30T20:05:20","date_gmt":"2018-07-30T20:05:20","guid":{"rendered":"http:\/\/kama-ksiegowa.pl\/?page_id=34"},"modified":"2018-07-30T20:59:19","modified_gmt":"2018-07-30T20:59:19","slug":"oferta","status":"publish","type":"page","link":"https:\/\/kama-ksiegowa.pl\/index.php\/oferta\/","title":{"rendered":"Oferta"},"content":{"rendered":"<p><strong>Us\u0142ugi ksi\u0119gowe:<\/strong><\/p>\n<ul>\n<li>prowadzenie rachunkowo\u015bci uproszczonej: karta podatkowa, rycza\u0142t od przychod\u00f3w ewidencjonowanych,<\/li>\n<li>podatkowa ksi\u0119ga przychod\u00f3w i rozchod\u00f3w,<\/li>\n<li>sporz\u0105dzanie i dostarczanie do Urz\u0119d\u00f3w Skarbowych JPK, deklaracji podatkowych i sprawozda\u0144,<\/li>\n<li>rozliczenia roczne PIT<\/li>\n<\/ul>\n<p><strong>Us\u0142ugi kadrowe:<\/strong><\/p>\n<ul>\n<li>prowadzenie kompleksowo akt osobowych pracownik\u00f3w,<\/li>\n<li>sporz\u0105dzanie list p\u0142ac, r\u00f3wnie\u017c dla os\u00f3b pracuj\u0105cych za granic\u0105 i obcokrajowc\u00f3w<\/li>\n<li>sporz\u0105dzanie deklaracji i sprawozda\u0144 do US, ZUS, GUS.<\/li>\n<\/ul>\n<p><strong>Us\u0142ugi w zakresie finans\u00f3w:<\/strong><\/p>\n<ul>\n<li>pomoc przy sporz\u0105dzaniu wniosk\u00f3w kredytowych oraz biznes plan\u00f3w,<\/li>\n<li>pomoc przy sporz\u0105dzaniu wniosk\u00f3w o dotacje<\/li>\n<li>przygotowanie pism w sprawach windykacji nale\u017cno\u015bci<\/li>\n<\/ul>\n<p><strong>Us\u0142ugi pozosta\u0142e:<\/strong><\/p>\n<ul>\n<li>kompleksowa pomoc przy zak\u0142adaniu\/rejestracji dzia\u0142alno\u015bci gospodarczej<\/li>\n<li>wszelkiego rodzaju deklaracje i pisma zwi\u0105zane z dzia\u0142alno\u015bci\u0105 gospodarcz\u0105.<\/li>\n<li>przygotowywanie dokument\u00f3w do PFRON<\/li>\n<\/ul>\n","protected":false},"excerpt":{"rendered":"<p>Us\u0142ugi ksi\u0119gowe: prowadzenie rachunkowo\u015bci uproszczonej: karta podatkowa, rycza\u0142t od przychod\u00f3w ewidencjonowanych, podatkowa ksi\u0119ga przychod\u00f3w i rozchod\u00f3w, sporz\u0105dzanie i dostarczanie do Urz\u0119d\u00f3w Skarbowych JPK, deklaracji podatkowych i sprawozda\u0144, rozliczenia roczne PIT Us\u0142ugi kadrowe: prowadzenie kompleksowo akt osobowych pracownik\u00f3w, sporz\u0105dzanie list p\u0142ac, &hellip; <a href=\"https:\/\/kama-ksiegowa.pl\/index.php\/oferta\/\">Continue reading <span class=\"meta-nav\">&rarr;<\/span><\/a><\/p>\n","protected":false},"author":1,"featured_media":0,"parent":0,"menu_order":0,"comment_status":"closed","ping_status":"closed","template":"","meta":{"footnotes":""},"class_list":["post-34","page","type-page","status-publish","hentry"],"_links":{"self":[{"href":"https:\/\/kama-ksiegowa.pl\/index.php\/wp-json\/wp\/v2\/pages\/34","targetHints":{"allow":["GET"]}}],"collection":[{"href":"https:\/\/kama-ksiegowa.pl\/index.php\/wp-json\/wp\/v2\/pages"}],"about":[{"href":"https:\/\/kama-ksiegowa.pl\/index.php\/wp-json\/wp\/v2\/types\/page"}],"author":[{"embeddable":true,"href":"https:\/\/kama-ksiegowa.pl\/index.php\/wp-json\/wp\/v2\/users\/1"}],"replies":[{"embeddable":true,"href":"https:\/\/kama-ksiegowa.pl\/index.php\/wp-json\/wp\/v2\/comments?post=34"}],"version-history":[{"count":5,"href":"https:\/\/kama-ksiegowa.pl\/index.php\/wp-json\/wp\/v2\/pages\/34\/revisions"}],"predecessor-version":[{"id":56,"href":"https:\/\/kama-ksiegowa.pl\/index.php\/wp-json\/wp\/v2\/pages\/34\/revisions\/56"}],"wp:attachment":[{"href":"https:\/\/kama-ksiegowa.pl\/index.php\/wp-json\/wp\/v2\/media?parent=34"}],"curies":[{"name":"wp","href":"https:\/\/api.w.org\/{rel}","templated":true}]}}