{"id":7,"date":"2018-07-30T20:01:33","date_gmt":"2018-07-30T20:01:33","guid":{"rendered":"http:\/\/kama-ksiegowa.pl\/?page_id=7"},"modified":"2018-07-30T21:00:10","modified_gmt":"2018-07-30T21:00:10","slug":"home","status":"publish","type":"page","link":"https:\/\/kama-ksiegowa.pl\/","title":{"rendered":"O Firmie"},"content":{"rendered":"<p><strong>KA-MA Us\u0142ugi Ksi\u0119gowe Katarzyna Ma\u0107kowiak to licencjonowane Biuro Rachunkowe, kt\u00f3re powsta\u0142o z my\u015bl\u0105 o obs\u0142udze ksi\u0119gowo-podatkowej mikroprzedsi\u0119biorstw.<\/strong><br \/>\n<strong>Biuro dzia\u0142a w oparciu o \u015awiadectwo Kwalifikacyjne Ministra Finans\u00f3w o nr 25269\/01 wydane w 2001 roku.<\/strong><\/p>\n<p><strong>Wiedza i rozw\u00f3j<\/strong> &#8211; Aby stale aktualizowa\u0107 swoj\u0105 wiedz\u0119 na temat ksi\u0119gowo\u015bci, kadr i p\u0142ac uczestnicz\u0119 w bie\u017c\u0105cych i cyklicznych szkoleniach organizowanych przez Stowarzyszenie Ksi\u0119gowych w Polsce, a tak\u017ce inne instytucje oraz firmy szkoleniowe.<\/p>\n<p><strong>Nowoczesno\u015b\u0107<\/strong> &#8211; Dopuszczam mo\u017cliwo\u015b\u0107 dostarczania dokument\u00f3w w formie elektronicznej. Pracuj\u0119 na bezpiecznych programach ksi\u0119gowych polecanych przez specjalist\u00f3w.<\/p>\n<p><strong>Mobilno\u015b\u0107<\/strong> &#8211; Na \u017cyczenie zapewniam dojazd do klienta i obi\u00f3r dokument\u00f3w. Praktykuj\u0119 tak\u017ce dostarczanie dokument\u00f3w raz w miesi\u0105cu drog\u0105 pocztow\u0105.<\/p>\n<p><strong>Ciesz\u0119 si\u0119 du\u017cym zaufaniem ze strony Moich Klient\u00f3w, co jest wynikiem rzetelno\u015bci oraz terminowo\u015bci wykonywania zada\u0144, a tak\u017ce umiej\u0119tno\u015bci wyszukiwania nowatorskich rozwi\u0105za\u0144 problem\u00f3w podatkowych, w zale\u017cno\u015bci od indywidualnych potrzeb klient\u00f3w.<\/strong><\/p>\n\n\t\t<style type=\"text\/css\">\n\t\t\t#gallery-1 {\n\t\t\t\tmargin: auto;\n\t\t\t}\n\t\t\t#gallery-1 .gallery-item {\n\t\t\t\tfloat: left;\n\t\t\t\tmargin-top: 10px;\n\t\t\t\ttext-align: center;\n\t\t\t\twidth: 33%;\n\t\t\t}\n\t\t\t#gallery-1 img {\n\t\t\t\tborder: 2px solid #cfcfcf;\n\t\t\t}\n\t\t\t#gallery-1 .gallery-caption {\n\t\t\t\tmargin-left: 0;\n\t\t\t}\n\t\t\t\/* see gallery_shortcode() in wp-includes\/media.php *\/\n\t\t<\/style>\n\t\t<div id='gallery-1' class='gallery galleryid-7 gallery-columns-3 gallery-size-thumbnail'><dl class='gallery-item'>\n\t\t\t<dt class='gallery-icon portrait'>\n\t\t\t\t<a href='https:\/\/kama-ksiegowa.pl\/index.php\/home\/cci20180621\/'><img loading=\"lazy\" decoding=\"async\" width=\"150\" height=\"150\" src=\"https:\/\/kama-ksiegowa.pl\/wp-content\/uploads\/2018\/07\/CCI20180621-150x150.jpg\" class=\"attachment-thumbnail size-thumbnail\" alt=\"\" \/><\/a>\n\t\t\t<\/dt><\/dl><dl class='gallery-item'>\n\t\t\t<dt class='gallery-icon portrait'>\n\t\t\t\t<a href='https:\/\/kama-ksiegowa.pl\/index.php\/home\/swiadectwo\/'><img loading=\"lazy\" decoding=\"async\" width=\"150\" height=\"150\" src=\"https:\/\/kama-ksiegowa.pl\/wp-content\/uploads\/2018\/07\/Swiadectwo-150x150.png\" class=\"attachment-thumbnail size-thumbnail\" alt=\"\" \/><\/a>\n\t\t\t<\/dt><\/dl><dl class='gallery-item'>\n\t\t\t<dt class='gallery-icon portrait'>\n\t\t\t\t<a href='https:\/\/kama-ksiegowa.pl\/index.php\/home\/swiadectwo2\/'><img loading=\"lazy\" decoding=\"async\" width=\"150\" height=\"150\" src=\"https:\/\/kama-ksiegowa.pl\/wp-content\/uploads\/2018\/07\/swiadectwo2-150x150.png\" class=\"attachment-thumbnail size-thumbnail\" alt=\"\" \/><\/a>\n\t\t\t<\/dt><\/dl><br style=\"clear: both\" \/>\n\t\t<\/div>\n\n","protected":false},"excerpt":{"rendered":"<p>KA-MA Us\u0142ugi Ksi\u0119gowe Katarzyna Ma\u0107kowiak to licencjonowane Biuro Rachunkowe, kt\u00f3re powsta\u0142o z my\u015bl\u0105 o obs\u0142udze ksi\u0119gowo-podatkowej mikroprzedsi\u0119biorstw. Biuro dzia\u0142a w oparciu o \u015awiadectwo Kwalifikacyjne Ministra Finans\u00f3w o nr 25269\/01 wydane w 2001 roku. Wiedza i rozw\u00f3j &#8211; Aby stale aktualizowa\u0107 &hellip; <a href=\"https:\/\/kama-ksiegowa.pl\/\">Continue reading <span class=\"meta-nav\">&rarr;<\/span><\/a><\/p>\n","protected":false},"author":1,"featured_media":0,"parent":0,"menu_order":0,"comment_status":"closed","ping_status":"closed","template":"","meta":{"footnotes":""},"class_list":["post-7","page","type-page","status-publish","hentry"],"_links":{"self":[{"href":"https:\/\/kama-ksiegowa.pl\/index.php\/wp-json\/wp\/v2\/pages\/7","targetHints":{"allow":["GET"]}}],"collection":[{"href":"https:\/\/kama-ksiegowa.pl\/index.php\/wp-json\/wp\/v2\/pages"}],"about":[{"href":"https:\/\/kama-ksiegowa.pl\/index.php\/wp-json\/wp\/v2\/types\/page"}],"author":[{"embeddable":true,"href":"https:\/\/kama-ksiegowa.pl\/index.php\/wp-json\/wp\/v2\/users\/1"}],"replies":[{"embeddable":true,"href":"https:\/\/kama-ksiegowa.pl\/index.php\/wp-json\/wp\/v2\/comments?post=7"}],"version-history":[{"count":8,"href":"https:\/\/kama-ksiegowa.pl\/index.php\/wp-json\/wp\/v2\/pages\/7\/revisions"}],"predecessor-version":[{"id":57,"href":"https:\/\/kama-ksiegowa.pl\/index.php\/wp-json\/wp\/v2\/pages\/7\/revisions\/57"}],"wp:attachment":[{"href":"https:\/\/kama-ksiegowa.pl\/index.php\/wp-json\/wp\/v2\/media?parent=7"}],"curies":[{"name":"wp","href":"https:\/\/api.w.org\/{rel}","templated":true}]}}